{"id":13284,"date":"2018-06-09T12:41:53","date_gmt":"2018-06-09T10:41:53","guid":{"rendered":"https:\/\/aeropinakes.com\/wordpress\/?page_id=13284"},"modified":"2018-07-14T15:33:36","modified_gmt":"2018-07-14T13:33:36","slug":"historias","status":"publish","type":"page","link":"https:\/\/aeropinakes.com\/wordpress\/historias\/","title":{"rendered":"Historias"},"content":{"rendered":"<h3><a href=\"https:\/\/aeropinakes.com\/wordpress\/publicaciones-y-materiales\/\"><strong>Localizador de historias<\/strong><\/a><\/h3>\n<p style=\"text-align: left;\"><a href=\"https:\/\/aeropinakes.com\/wordpress\/wp-content\/uploads\/2018\/06\/craneocromagnon.jpg\"><img loading=\"lazy\" decoding=\"async\" class=\"alignnone wp-image-13589 size-full\" src=\"https:\/\/aeropinakes.com\/wordpress\/wp-content\/uploads\/2018\/06\/craneocromagnon.jpg\" alt=\"\" width=\"1000\" height=\"907\" srcset=\"https:\/\/aeropinakes.com\/wordpress\/wp-content\/uploads\/2018\/06\/craneocromagnon.jpg 1000w, https:\/\/aeropinakes.com\/wordpress\/wp-content\/uploads\/2018\/06\/craneocromagnon-300x272.jpg 300w\" sizes=\"(max-width: 1000px) 100vw, 1000px\" \/><\/a><\/p>\n<!-- AddThis Advanced Settings generic via filter on the_content -->","protected":false},"excerpt":{"rendered":"<p>Localizador de historias<!-- AddThis Advanced Settings generic via filter on get_the_excerpt --><\/p>\n","protected":false},"author":1,"featured_media":13589,"parent":0,"menu_order":0,"comment_status":"closed","ping_status":"closed","template":"","meta":{"jetpack_post_was_ever_published":false,"footnotes":""},"jetpack_sharing_enabled":true,"jetpack_shortlink":"https:\/\/wp.me\/P7HKWx-3sg","jetpack-related-posts":[{"id":13281,"url":"https:\/\/aeropinakes.com\/wordpress\/historia-a-la-vista\/","url_meta":{"origin":13284,"position":0},"title":"Eco-historias","date":"2018","format":false,"excerpt":"\u00a0 Un poco de historia ecol\u00f3gica no le hace mal a nadie. Ir a los materiales","rel":"","context":"Entrada similar","img":{"alt_text":"","src":"https:\/\/i0.wp.com\/aeropinakes.com\/wordpress\/wp-content\/uploads\/2018\/06\/historia1000.jpg?resize=350%2C200&ssl=1","width":350,"height":200},"classes":[]},{"id":9822,"url":"https:\/\/aeropinakes.com\/wordpress\/aviones-sobre-arabia\/","url_meta":{"origin":13284,"position":1},"title":"Aviones sobre Arabia","date":"2017","format":false,"excerpt":"\"Aviones sobre Arabia\" es una breve historia a\u00e9rea del Magreb y el Mashreq. Contiene 48 cap\u00edtulos que se pueden leer como historias independientes y 36 l\u00e1minas que soportan 128 ilustraciones a color. Opciones: >\u00a0Puede descargarlo aqu\u00ed completo (pdf, 4,2 Mb) >\u00a0Puede comprarlo en versi\u00f3n de libro electr\u00f3nico o en versi\u00f3n\u2026","rel":"","context":"Entrada similar","img":{"alt_text":"","src":"https:\/\/i0.wp.com\/aeropinakes.com\/wordpress\/wp-content\/uploads\/2017\/03\/avionessobrearabiatridirecta.jpg?resize=350%2C200&ssl=1","width":350,"height":200},"classes":[]},{"id":8208,"url":"https:\/\/aeropinakes.com\/wordpress\/politica-de-cookies\/","url_meta":{"origin":13284,"position":2},"title":"Pol\u00edtica de cookies","date":"2016","format":false,"excerpt":"Pol\u00edtica de cookies Una cookie es un peque\u00f1o fichero de texto que se almacena en su navegador cuando visita casi cualquier p\u00e1gina web. Su utilidad es que la web sea capaz de recordar su visita cuando vuelva a navegar por esa p\u00e1gina. Las cookies suelen almacenar informaci\u00f3n de car\u00e1cter t\u00e9cnico,\u2026","rel":"","context":"Entrada similar","img":{"alt_text":"","src":"","width":0,"height":0},"classes":[]},{"id":13254,"url":"https:\/\/aeropinakes.com\/wordpress\/la-guerra-total-en-espana\/","url_meta":{"origin":13284,"position":3},"title":"La guerra total en Espa\u00f1a","date":"2018","format":false,"excerpt":"\u00a0 Este libro habla m\u00e1s de la suerte de los soldados que de las opiniones de los generales, y de sardinas y ferrocarriles m\u00e1s que de las intrigas de la Falange o el Komintern. Contiene 80 art\u00edculos breves, que se pueden leer de manera independiente, aunque forman una cierta secuencia\u2026","rel":"","context":"Entrada similar","img":{"alt_text":"","src":"https:\/\/i0.wp.com\/aeropinakes.com\/wordpress\/wp-content\/uploads\/2018\/06\/lgtee1000.jpg?resize=350%2C200&ssl=1","width":350,"height":200},"classes":[]},{"id":14319,"url":"https:\/\/aeropinakes.com\/wordpress\/historia-natural-de-la-aviacion\/","url_meta":{"origin":13284,"position":4},"title":"Historia natural de la aviaci\u00f3n","date":"2018","format":false,"excerpt":"Art\u00edculos sobre aspectos en principio interesantes de la aviaci\u00f3n, con una perspectiva m\u00e1s ancha en el espacio, el tiempo o la tecnolog\u00eda \u2013generalmente mediante el truco de usar un hilo conductor argumental. Ampl\u00eda la informaci\u00f3n incluida en los los perfiles de La m\u00e1quina de la civilizaci\u00f3n e incluye\u00a0partes de libros\u2026","rel":"","context":"Entrada similar","img":{"alt_text":"","src":"https:\/\/i0.wp.com\/aeropinakes.com\/wordpress\/wp-content\/uploads\/2018\/09\/1936-sep-Le_Monde_colonial_illustre.jpg?resize=350%2C200&ssl=1","width":350,"height":200},"classes":[]},{"id":8207,"url":"https:\/\/aeropinakes.com\/wordpress\/mas-informacion-sobre-las-cookies\/","url_meta":{"origin":13284,"position":5},"title":"M\u00e1s informaci\u00f3n sobre las cookies","date":"2016","format":false,"excerpt":"\u00bfQu\u00e9 es una cookie? Una cookie es un fichero de texto inofensivo que se almacena en su navegador cuando visita casi cualquier p\u00e1gina web. La utilidad de la cookie es que la web sea capaz de recordar su visita cuando vuelva a navegar por esa p\u00e1gina. Aunque mucha gente no\u2026","rel":"","context":"Entrada similar","img":{"alt_text":"","src":"","width":0,"height":0},"classes":[]}],"jetpack_likes_enabled":true,"_links":{"self":[{"href":"https:\/\/aeropinakes.com\/wordpress\/wp-json\/wp\/v2\/pages\/13284"}],"collection":[{"href":"https:\/\/aeropinakes.com\/wordpress\/wp-json\/wp\/v2\/pages"}],"about":[{"href":"https:\/\/aeropinakes.com\/wordpress\/wp-json\/wp\/v2\/types\/page"}],"author":[{"embeddable":true,"href":"https:\/\/aeropinakes.com\/wordpress\/wp-json\/wp\/v2\/users\/1"}],"replies":[{"embeddable":true,"href":"https:\/\/aeropinakes.com\/wordpress\/wp-json\/wp\/v2\/comments?post=13284"}],"version-history":[{"count":0,"href":"https:\/\/aeropinakes.com\/wordpress\/wp-json\/wp\/v2\/pages\/13284\/revisions"}],"wp:featuredmedia":[{"embeddable":true,"href":"https:\/\/aeropinakes.com\/wordpress\/wp-json\/wp\/v2\/media\/13589"}],"wp:attachment":[{"href":"https:\/\/aeropinakes.com\/wordpress\/wp-json\/wp\/v2\/media?parent=13284"}],"curies":[{"name":"wp","href":"https:\/\/api.w.org\/{rel}","templated":true}]}}