{"id":11671,"date":"2017-10-21T19:48:25","date_gmt":"2017-10-21T17:48:25","guid":{"rendered":"http:\/\/aeropinakes.com\/wordpress\/?page_id=11671"},"modified":"2019-12-07T19:06:14","modified_gmt":"2019-12-07T18:06:14","slug":"acerca-de-aeropinakes","status":"publish","type":"page","link":"https:\/\/aeropinakes.com\/wordpress\/acerca-de-aeropinakes\/","title":{"rendered":"Contacto"},"content":{"rendered":"<p><a href=\"http:\/\/aeropinakes.com\/wordpress\/wp-content\/uploads\/2017\/10\/logosoloaeropinakes250-1.jpg\"><img loading=\"lazy\" decoding=\"async\" class=\"alignnone size-full wp-image-11670\" src=\"http:\/\/aeropinakes.com\/wordpress\/wp-content\/uploads\/2017\/10\/logosoloaeropinakes250-1.jpg\" alt=\"logosoloaeropinakes250\" width=\"250\" height=\"59\" \/><\/a><\/p>\n<p>Correo electr\u00f3nico de contacto:\u00a0<a href=\"mailto:info@aeropinakes.com\">info@aeropinakes.com<\/a><\/p>\n<!-- AddThis Advanced Settings generic via filter on the_content -->","protected":false},"excerpt":{"rendered":"<p>Correo electr\u00f3nico de contacto:\u00a0info@aeropinakes.com<!-- AddThis Advanced Settings generic via filter on get_the_excerpt --><\/p>\n","protected":false},"author":1,"featured_media":11670,"parent":0,"menu_order":0,"comment_status":"closed","ping_status":"closed","template":"","meta":{"jetpack_post_was_ever_published":false,"footnotes":""},"jetpack_sharing_enabled":true,"jetpack_shortlink":"https:\/\/wp.me\/P7HKWx-32f","jetpack-related-posts":[{"id":9796,"url":"https:\/\/aeropinakes.com\/wordpress\/aviones-para-espana-el-libro\/","url_meta":{"origin":11671,"position":0},"title":"Aviones para Espa\u00f1a","date":"2017","format":false,"excerpt":"Una historia a\u00e9rea\u00a0de Espa\u00f1a, profusamente ilustrada. Opciones: Puede descargarlo aqu\u00ed completo (pdf,13 Mb) Puede comprarlo en versi\u00f3n de libro electr\u00f3nico haciendo clic aqu\u00ed\u00a0por\u00a03 \u20ac (aproximadamente, los precios var\u00edan ligeramente). O puede comprarlo en versi\u00f3n impresa (268 p\u00e1ginas, 15,2 x 22,8 cm, 233 ilustraciones a color) haciendo clic aqu\u00ed por 29\u2026","rel":"","context":"Entrada similar","img":{"alt_text":"","src":"https:\/\/i0.wp.com\/aeropinakes.com\/wordpress\/wp-content\/uploads\/2017\/03\/portadaapetridiconbanersmall.jpg?resize=350%2C200&ssl=1","width":350,"height":200},"classes":[]},{"id":9822,"url":"https:\/\/aeropinakes.com\/wordpress\/aviones-sobre-arabia\/","url_meta":{"origin":11671,"position":1},"title":"Aviones sobre Arabia","date":"2017","format":false,"excerpt":"\"Aviones sobre Arabia\" es una breve historia a\u00e9rea del Magreb y el Mashreq. Contiene 48 cap\u00edtulos que se pueden leer como historias independientes y 36 l\u00e1minas que soportan 128 ilustraciones a color. Opciones: >\u00a0Puede descargarlo aqu\u00ed completo (pdf, 4,2 Mb) >\u00a0Puede comprarlo en versi\u00f3n de libro electr\u00f3nico o en versi\u00f3n\u2026","rel":"","context":"Entrada similar","img":{"alt_text":"","src":"https:\/\/i0.wp.com\/aeropinakes.com\/wordpress\/wp-content\/uploads\/2017\/03\/avionessobrearabiatridirecta.jpg?resize=350%2C200&ssl=1","width":350,"height":200},"classes":[]},{"id":8208,"url":"https:\/\/aeropinakes.com\/wordpress\/politica-de-cookies\/","url_meta":{"origin":11671,"position":2},"title":"Pol\u00edtica de cookies","date":"2016","format":false,"excerpt":"Pol\u00edtica de cookies Una cookie es un peque\u00f1o fichero de texto que se almacena en su navegador cuando visita casi cualquier p\u00e1gina web. Su utilidad es que la web sea capaz de recordar su visita cuando vuelva a navegar por esa p\u00e1gina. Las cookies suelen almacenar informaci\u00f3n de car\u00e1cter t\u00e9cnico,\u2026","rel":"","context":"Entrada similar","img":{"alt_text":"","src":"","width":0,"height":0},"classes":[]},{"id":15895,"url":"https:\/\/aeropinakes.com\/wordpress\/finalizar-compra\/historial-de-compras\/","url_meta":{"origin":11671,"position":3},"title":"Historial de compras","date":"2019","format":false,"excerpt":"","rel":"","context":"Entrada similar","img":{"alt_text":"","src":"","width":0,"height":0},"classes":[]},{"id":9972,"url":"https:\/\/aeropinakes.com\/wordpress\/acerca-de-la-maquina-de-la-civilizacion-aeropinakes\/","url_meta":{"origin":11671,"position":4},"title":"M\u00e1quinas \u2022 Territorios \u2022 Timeline\u2026","date":"2017","format":false,"excerpt":"M\u00e1quinas \u2022 Territorios \u2022 Timeline \u2022 Organizaciones \u2022 Archivos \u2022 Ecosistemas \u00a0","rel":"","context":"Entrada similar","img":{"alt_text":"","src":"https:\/\/i0.wp.com\/aeropinakes.com\/wordpress\/wp-content\/uploads\/2018\/05\/shortsolentteal1949.jpg?resize=350%2C200&ssl=1","width":350,"height":200},"classes":[]},{"id":15893,"url":"https:\/\/aeropinakes.com\/wordpress\/finalizar-compra\/confirmacion-de-pago\/","url_meta":{"origin":11671,"position":5},"title":"Confirmaci\u00f3n de pago","date":"2019","format":false,"excerpt":"\u00a1Gracias por tu compra!","rel":"","context":"Entrada similar","img":{"alt_text":"","src":"","width":0,"height":0},"classes":[]}],"jetpack_likes_enabled":true,"_links":{"self":[{"href":"https:\/\/aeropinakes.com\/wordpress\/wp-json\/wp\/v2\/pages\/11671"}],"collection":[{"href":"https:\/\/aeropinakes.com\/wordpress\/wp-json\/wp\/v2\/pages"}],"about":[{"href":"https:\/\/aeropinakes.com\/wordpress\/wp-json\/wp\/v2\/types\/page"}],"author":[{"embeddable":true,"href":"https:\/\/aeropinakes.com\/wordpress\/wp-json\/wp\/v2\/users\/1"}],"replies":[{"embeddable":true,"href":"https:\/\/aeropinakes.com\/wordpress\/wp-json\/wp\/v2\/comments?post=11671"}],"version-history":[{"count":1,"href":"https:\/\/aeropinakes.com\/wordpress\/wp-json\/wp\/v2\/pages\/11671\/revisions"}],"predecessor-version":[{"id":17357,"href":"https:\/\/aeropinakes.com\/wordpress\/wp-json\/wp\/v2\/pages\/11671\/revisions\/17357"}],"wp:featuredmedia":[{"embeddable":true,"href":"https:\/\/aeropinakes.com\/wordpress\/wp-json\/wp\/v2\/media\/11670"}],"wp:attachment":[{"href":"https:\/\/aeropinakes.com\/wordpress\/wp-json\/wp\/v2\/media?parent=11671"}],"curies":[{"name":"wp","href":"https:\/\/api.w.org\/{rel}","templated":true}]}}